{"id":969,"date":"2025-05-16T10:20:58","date_gmt":"2025-05-16T10:20:58","guid":{"rendered":"https:\/\/plasfich.pt\/politica-de-qualidade-e-ambiente\/"},"modified":"2025-09-27T11:28:08","modified_gmt":"2025-09-27T11:28:08","slug":"politica-de-calidad-y-medio-ambiente","status":"publish","type":"page","link":"https:\/\/plasfich.pt\/es\/politica-de-calidad-y-medio-ambiente\/","title":{"rendered":"Pol\u00edtica de Calidad y Medio Ambiente"},"content":{"rendered":"\n<p>PLASFICH se compromete a mejorar de forma continua la Calidad de sus productos y servicios, as\u00ed como la defensa y preservaci\u00f3n del Medio Ambiente, con el principal objetivo de alcanzar la plena satisfacci\u00f3n de clientes, colaboradores y proveedores, as\u00ed como el reconocimiento en el mercado nacional e internacional en su sector. Para lograr este objetivo, PLASFICH:<\/p>\n\n\n\n<ul class=\"wp-block-list\">\n<li>Garantiza el suministro de productos y servicios que cumplan la funci\u00f3n a la que est\u00e1n destinados y que superen las expectativas de los clientes.<\/li>\n\n\n\n<li>Garantiza el cumplimiento de los plazos de entrega y de ejecuci\u00f3n de las obras.<\/li>\n\n\n\n<li>Asegura el cumplimiento de las obligaciones legales aplicables.<\/li>\n\n\n\n<li>Proporciona a los colaboradores un entorno de trabajo seguro, poniendo a su disposici\u00f3n todos los recursos necesarios para la realizaci\u00f3n de sus tareas con seguridad.<\/li>\n\n\n\n<li>Promueve la adopci\u00f3n de buenas pr\u00e1cticas medioambientales mediante la concienciaci\u00f3n de los colaboradores.<\/li>\n\n\n\n<li>Procura implementar medidas que permitan controlar o minimizar los impactos medioambientales, tales como: aprovechamiento de aguas pluviales para pruebas de estanqueidad, utilizaci\u00f3n de energ\u00eda renovable y reutilizaci\u00f3n de residuos en el proceso productivo.<\/li>\n\n\n\n<li>Promueve el desarrollo profesional y personal de los colaboradores, garantizando la adecuaci\u00f3n de sus competencias a las funciones que desempe\u00f1an, fomentando una mayor productividad, autonom\u00eda, iniciativa y responsabilidad.<\/li>\n\n\n\n<li>Asegura el funcionamiento del Sistema de Gesti\u00f3n de Calidad y Medio Ambiente de acuerdo con las normas UNE-EN ISO 9001 y UNE-EN ISO 14001, garantizando que todos los requisitos sean cumplidos y buscando la mejora continua de su eficacia.<\/li>\n<\/ul>\n\n\n\n<p>Si tiene dudas o inquietudes sobre nuestra <strong>Pol\u00edtica de Calidad y Medio Ambiente<\/strong>, <a href=\"https:\/\/plasfich.pt\/es\/contactos\/\">p\u00f3ngase en contacto con nosotros<\/a>.<\/p>\n\n\n\n<div style=\"height:100px\" aria-hidden=\"true\" class=\"wp-block-spacer\"><\/div>\n\n\n\n<p><\/p>\n","protected":false},"excerpt":{"rendered":"<p>PLASFICH se compromete a mejorar de forma continua la Calidad de sus productos y servicios, as\u00ed como la defensa y preservaci\u00f3n del Medio Ambiente, con el<span class=\"excerpt-hellip\"> [\u2026]<\/span><\/p>\n","protected":false},"author":2,"featured_media":0,"parent":0,"menu_order":0,"comment_status":"closed","ping_status":"closed","template":"","meta":{"footnotes":""},"class_list":["post-969","page","type-page","status-publish","hentry"],"_links":{"self":[{"href":"https:\/\/plasfich.pt\/es\/wp-json\/wp\/v2\/pages\/969","targetHints":{"allow":["GET"]}}],"collection":[{"href":"https:\/\/plasfich.pt\/es\/wp-json\/wp\/v2\/pages"}],"about":[{"href":"https:\/\/plasfich.pt\/es\/wp-json\/wp\/v2\/types\/page"}],"author":[{"embeddable":true,"href":"https:\/\/plasfich.pt\/es\/wp-json\/wp\/v2\/users\/2"}],"replies":[{"embeddable":true,"href":"https:\/\/plasfich.pt\/es\/wp-json\/wp\/v2\/comments?post=969"}],"version-history":[{"count":2,"href":"https:\/\/plasfich.pt\/es\/wp-json\/wp\/v2\/pages\/969\/revisions"}],"predecessor-version":[{"id":1051,"href":"https:\/\/plasfich.pt\/es\/wp-json\/wp\/v2\/pages\/969\/revisions\/1051"}],"wp:attachment":[{"href":"https:\/\/plasfich.pt\/es\/wp-json\/wp\/v2\/media?parent=969"}],"curies":[{"name":"wp","href":"https:\/\/api.w.org\/{rel}","templated":true}]}}