{"id":1111,"date":"2025-12-03T18:31:37","date_gmt":"2025-12-03T18:31:37","guid":{"rendered":"https:\/\/plasfich.pt\/lisboa2023\/"},"modified":"2026-01-05T17:10:12","modified_gmt":"2026-01-05T17:10:12","slug":"lisboa2030","status":"publish","type":"page","link":"https:\/\/plasfich.pt\/es\/lisboa2030\/","title":{"rendered":"Lisboa2030"},"content":{"rendered":"\n<div style=\"height:100px\" aria-hidden=\"true\" class=\"wp-block-spacer\"><\/div>\n\n\n\n<figure class=\"wp-block-image size-full is-resized\"><img loading=\"lazy\" decoding=\"async\" width=\"365\" height=\"185\" src=\"https:\/\/plasfich.pt\/wp-content\/uploads\/2025\/12\/Lisboa2030.jpg\" alt=\"\" class=\"wp-image-1106\" style=\"width:300px\" srcset=\"https:\/\/plasfich.pt\/wp-content\/uploads\/2025\/12\/Lisboa2030.jpg 365w, https:\/\/plasfich.pt\/wp-content\/uploads\/2025\/12\/Lisboa2030-300x152.jpg 300w, https:\/\/plasfich.pt\/wp-content\/uploads\/2025\/12\/Lisboa2030-148x75.jpg 148w\" sizes=\"auto, (max-width:767px) 365px, 365px\" \/><\/figure>\n\n\n\n<div style=\"height:100px\" aria-hidden=\"true\" class=\"wp-block-spacer\"><\/div>\n\n\n\n<h2 class=\"wp-block-heading\">SPOT DESIGN \u2013 Innovaci\u00f3n Inteligente y Sostenible<\/h2>\n\n\n\n<h3 class=\"wp-block-heading\">Prioridad<\/h3>\n\n\n\n<p>O El presente proyecto surge con el objetivo de mejorar la capacidad productiva de PLASFICH, apostando por soluciones innovadoras de alto valor a\u00f1adido. A trav\u00e9s de la adopci\u00f3n de nuevas tecnolog\u00edas, la digitalizaci\u00f3n y pr\u00e1cticas sostenibles, se pretende lograr una mejora significativa de los procesos, promoviendo la internacionalizaci\u00f3n y la inserci\u00f3n de la Entidad en cadenas de valor m\u00e1s amplias. <br><\/p>\n\n\n\n<p><strong>Inversi\u00f3n total<\/strong><br>897.426,58 \u20ac<br><br><strong>Apoyo financiero de la Uni\u00f3n Europea<\/strong><br>182.785,32\u20ac<br><br><a href=\"https:\/\/lisboa.portugal2030.pt\" target=\"_blank\" rel=\"noreferrer noopener\">lisboa.portugal2030.pt<\/a><\/p>\n\n\n\n<div style=\"height:100px\" aria-hidden=\"true\" class=\"wp-block-spacer\"><\/div>\n","protected":false},"excerpt":{"rendered":"<p>SPOT DESIGN \u2013 Innovaci\u00f3n Inteligente y Sostenible Prioridad O El presente proyecto surge con el objetivo de mejorar la capacidad productiva de PLASFICH, apostando por soluciones<span class=\"excerpt-hellip\"> [\u2026]<\/span><\/p>\n","protected":false},"author":2,"featured_media":0,"parent":0,"menu_order":0,"comment_status":"closed","ping_status":"closed","template":"","meta":{"footnotes":""},"class_list":["post-1111","page","type-page","status-publish","hentry"],"_links":{"self":[{"href":"https:\/\/plasfich.pt\/es\/wp-json\/wp\/v2\/pages\/1111","targetHints":{"allow":["GET"]}}],"collection":[{"href":"https:\/\/plasfich.pt\/es\/wp-json\/wp\/v2\/pages"}],"about":[{"href":"https:\/\/plasfich.pt\/es\/wp-json\/wp\/v2\/types\/page"}],"author":[{"embeddable":true,"href":"https:\/\/plasfich.pt\/es\/wp-json\/wp\/v2\/users\/2"}],"replies":[{"embeddable":true,"href":"https:\/\/plasfich.pt\/es\/wp-json\/wp\/v2\/comments?post=1111"}],"version-history":[{"count":4,"href":"https:\/\/plasfich.pt\/es\/wp-json\/wp\/v2\/pages\/1111\/revisions"}],"predecessor-version":[{"id":1125,"href":"https:\/\/plasfich.pt\/es\/wp-json\/wp\/v2\/pages\/1111\/revisions\/1125"}],"wp:attachment":[{"href":"https:\/\/plasfich.pt\/es\/wp-json\/wp\/v2\/media?parent=1111"}],"curies":[{"name":"wp","href":"https:\/\/api.w.org\/{rel}","templated":true}]}}